{"id":50,"date":"2014-03-13T16:09:55","date_gmt":"2014-03-13T16:09:55","guid":{"rendered":"http:\/\/spgodow.ibip.info\/?page_id=50"},"modified":"2014-07-02T12:06:51","modified_gmt":"2014-07-02T10:06:51","slug":"finanse-szkoly","status":"publish","type":"page","link":"https:\/\/spgodow.ibip.info\/?page_id=50","title":{"rendered":"Finanse szko\u0142y"},"content":{"rendered":"<p style=\"text-align: justify;\">\u00a0Szko\u0142a Podstawowa w Godowie dzia\u0142a jako jednostka bud\u017cetowa Gminy Paw\u0142\u00f3w, posiada roczny plan finansowy, kt\u00f3ry jest cz\u0119\u015bci\u0105 bud\u017cetu gminy, prowadzi gospodark\u0119 finansow\u0105 oraz materia\u0142ow\u0105 zgodnie z zasadami prawa finansowego.<br \/>\nSzko\u0142a posiada \u015brodki specjalne, kt\u00f3re przeznacza g\u0142\u00f3wnie na:<\/p>\n<ul>\n<li>poszerzenie oferty edukacyjnej (ko\u0142a zainteresowa\u0144, zaj\u0119cia pozalekcyjne),<\/li>\n<li>uzupe\u0142nianie bazy materialnej,<\/li>\n<li>organizowanie konkurs\u00f3w, turniej\u00f3w, szkolnych i mi\u0119dzyszkolnych,<\/li>\n<li>organizowanie imprez kulturalnych, sportowych oraz rozrywkowych dla uczni\u00f3w i ich rodzic\u00f3w.<\/li>\n<\/ul>\n","protected":false},"excerpt":{"rendered":"<p>\u00a0Szko\u0142a Podstawowa w Godowie dzia\u0142a jako jednostka bud\u017cetowa Gminy Paw\u0142\u00f3w, posiada roczny plan finansowy, kt\u00f3ry jest cz\u0119\u015bci\u0105 bud\u017cetu gminy, prowadzi gospodark\u0119 finansow\u0105 oraz materia\u0142ow\u0105 zgodnie z zasadami prawa finansowego. Szko\u0142a posiada \u015brodki specjalne, kt\u00f3re&#46;&#46;&#46;<\/p>\n","protected":false},"author":2,"featured_media":0,"parent":0,"menu_order":0,"comment_status":"closed","ping_status":"open","template":"","meta":{"_expiration-date-status":"saved","_expiration-date":0,"_expiration-date-type":"","_expiration-date-categories":[],"_expiration-date-options":[]},"_links":{"self":[{"href":"https:\/\/spgodow.ibip.info\/index.php?rest_route=\/wp\/v2\/pages\/50"}],"collection":[{"href":"https:\/\/spgodow.ibip.info\/index.php?rest_route=\/wp\/v2\/pages"}],"about":[{"href":"https:\/\/spgodow.ibip.info\/index.php?rest_route=\/wp\/v2\/types\/page"}],"author":[{"embeddable":true,"href":"https:\/\/spgodow.ibip.info\/index.php?rest_route=\/wp\/v2\/users\/2"}],"replies":[{"embeddable":true,"href":"https:\/\/spgodow.ibip.info\/index.php?rest_route=%2Fwp%2Fv2%2Fcomments&post=50"}],"version-history":[{"count":1,"href":"https:\/\/spgodow.ibip.info\/index.php?rest_route=\/wp\/v2\/pages\/50\/revisions"}],"predecessor-version":[{"id":187,"href":"https:\/\/spgodow.ibip.info\/index.php?rest_route=\/wp\/v2\/pages\/50\/revisions\/187"}],"wp:attachment":[{"href":"https:\/\/spgodow.ibip.info\/index.php?rest_route=%2Fwp%2Fv2%2Fmedia&parent=50"}],"curies":[{"name":"wp","href":"https:\/\/api.w.org\/{rel}","templated":true}]}}