{"id":44,"date":"2014-03-13T16:09:55","date_gmt":"2014-03-13T16:09:55","guid":{"rendered":"http:\/\/spgodow.ibip.info\/?page_id=44"},"modified":"2016-10-11T12:13:28","modified_gmt":"2016-10-11T10:13:28","slug":"godziny-pracy","status":"publish","type":"page","link":"https:\/\/spgodow.ibip.info\/?page_id=44","title":{"rendered":"Godziny pracy"},"content":{"rendered":"<p><strong>Szko\u0142a Podstawowa w Godowie pracuje od poniedzia\u0142ku do pi\u0105tku w godzinach od 07:00 do 16:20.<\/strong><\/p>\n<p>&nbsp;<\/p>\n<p><strong>Konsultacje dla rodzic\u00f3w i uczni\u00f3w Szko\u0142y Podstawowej w Godowie <\/strong><\/p>\n<p><strong>w roku szkolnym 2016\/2017<\/strong><\/p>\n<table width=\"679\">\n<tbody>\n<tr>\n<td width=\"55\">\u00a0L.p.<\/td>\n<td width=\"276\"><strong>Nazwisko i imi\u0119 nauczyciela<\/strong><\/td>\n<td width=\"168\">\n<p style=\"text-align: center;\"><strong>Dzie\u0144 tygodnia<\/strong><\/p>\n<\/td>\n<td width=\"180\">\n<p style=\"text-align: center;\"><strong>(od-do)<\/strong><\/p>\n<\/td>\n<\/tr>\n<tr>\n<td style=\"text-align: center;\" width=\"55\">\u00a01.<\/td>\n<td width=\"276\">Ks. Damian Wieruszewski<\/td>\n<td width=\"168\">\n<p style=\"text-align: center;\">czwartek<\/p>\n<\/td>\n<td width=\"180\">\n<p style=\"text-align: center;\">09.50 &#8211; 10.35<\/p>\n<\/td>\n<\/tr>\n<tr>\n<td style=\"text-align: center;\" width=\"55\">\u00a02.<\/td>\n<td width=\"276\">Wojteczek Alina<\/td>\n<td width=\"168\">\n<p style=\"text-align: center;\">poniedzia\u0142ek<\/p>\n<\/td>\n<td width=\"180\">\n<p style=\"text-align: center;\">11.45 &#8211; 12.30<\/p>\n<\/td>\n<\/tr>\n<tr>\n<td style=\"text-align: center;\" width=\"55\">\u00a03.<\/td>\n<td width=\"276\">Przygoda Monika<\/td>\n<td width=\"168\">\n<p style=\"text-align: center;\">czwartek<\/p>\n<\/td>\n<td width=\"180\">\n<p style=\"text-align: center;\">08.20 &#8211; 08.55<\/p>\n<\/td>\n<\/tr>\n<tr>\n<td style=\"text-align: center;\" width=\"55\">\u00a04.<\/td>\n<td width=\"276\">Zapa\u0142a Jolanta<\/td>\n<td width=\"168\">\n<p style=\"text-align: center;\">czwartek<\/p>\n<\/td>\n<td width=\"180\">\n<p style=\"text-align: center;\">08.55 &#8211; 09.40<\/p>\n<\/td>\n<\/tr>\n<tr>\n<td style=\"text-align: center;\" width=\"55\">\u00a05.<\/td>\n<td width=\"276\">Lipa Ewelina<\/td>\n<td width=\"168\">\n<p style=\"text-align: center;\">\u015broda<\/p>\n<\/td>\n<td width=\"180\">\n<p style=\"text-align: center;\">13.35 &#8211; 14.20<\/p>\n<\/td>\n<\/tr>\n<tr>\n<td style=\"text-align: center;\" width=\"55\">\u00a06.<\/td>\n<td width=\"276\">W\u00f3jcicki Mariusz<\/td>\n<td width=\"168\">\n<p style=\"text-align: center;\">wtorek<\/p>\n<\/td>\n<td width=\"180\">\n<p style=\"text-align: center;\">11.45 &#8211; 12.30<\/p>\n<\/td>\n<\/tr>\n<tr>\n<td style=\"text-align: center;\" width=\"55\">\u00a07.<\/td>\n<td width=\"276\">Kosmala Ewa<\/td>\n<td width=\"168\">\n<p style=\"text-align: center;\">pi\u0105tek<\/p>\n<\/td>\n<td width=\"180\">\n<p style=\"text-align: center;\">13.00 -13.30<\/p>\n<\/td>\n<\/tr>\n<tr>\n<td style=\"text-align: center;\" width=\"55\">\u00a08.<\/td>\n<td width=\"276\">Kwiecie\u0144 Anna<\/td>\n<td width=\"168\">\n<p style=\"text-align: center;\">czwartek<\/p>\n<\/td>\n<td width=\"180\">\n<p style=\"text-align: center;\">08.55 &#8211; 09.40<\/p>\n<\/td>\n<\/tr>\n<tr>\n<td style=\"text-align: center;\" width=\"55\">\u00a09.<\/td>\n<td width=\"276\">Sepi\u00f3\u0142 Justyna<\/td>\n<td width=\"168\">\n<p style=\"text-align: center;\">poniedzia\u0142ek<\/p>\n<\/td>\n<td width=\"180\">\n<p style=\"text-align: center;\">13.00 &#8211; 13.30<\/p>\n<\/td>\n<\/tr>\n<tr>\n<td style=\"text-align: center;\" width=\"55\">\u00a010.<\/td>\n<td width=\"276\">Dygas Dariusz<\/td>\n<td width=\"168\">\n<p style=\"text-align: center;\">wtorek<\/p>\n<\/td>\n<td width=\"180\">\n<p style=\"text-align: center;\">14.20 &#8211; 14.35<\/p>\n<\/td>\n<\/tr>\n<tr>\n<td style=\"text-align: center;\" width=\"55\">\u00a011.<\/td>\n<td width=\"276\">Radecka Renata<\/td>\n<td width=\"168\">\n<p style=\"text-align: center;\">poniedzia\u0142ek<\/p>\n<\/td>\n<td width=\"180\">\n<p style=\"text-align: center;\">13.25 &#8211; 13.55<\/p>\n<\/td>\n<\/tr>\n<tr>\n<td style=\"text-align: center;\" width=\"55\">\u00a012.<\/td>\n<td width=\"276\">Moskal Krzysztof<\/td>\n<td width=\"168\">\n<p style=\"text-align: center;\">poniedzia\u0142ek<\/p>\n<\/td>\n<td width=\"180\">\n<p style=\"text-align: center;\">11.00 &#8211; 11.20<\/p>\n<\/td>\n<\/tr>\n<tr>\n<td style=\"text-align: center;\" width=\"55\">\u00a013.<\/td>\n<td width=\"276\">Lutrzykowska Teresa<\/td>\n<td width=\"168\">\n<p style=\"text-align: center;\">\u015broda<\/p>\n<\/td>\n<td width=\"180\">\n<p style=\"text-align: center;\">11.45 &#8211; 12.00<\/p>\n<\/td>\n<\/tr>\n<tr>\n<td style=\"text-align: center;\" width=\"55\">\u00a014.<\/td>\n<td width=\"276\">Niewczas Krystyna<\/td>\n<td width=\"168\">\n<p style=\"text-align: center;\">wtorek<\/p>\n<\/td>\n<td width=\"180\">\n<p style=\"text-align: center;\">11.45 &#8211; 12.30<\/p>\n<\/td>\n<\/tr>\n<tr>\n<td style=\"text-align: center;\" width=\"55\">\u00a015.<\/td>\n<td width=\"276\">Jarosz-Po\u017coga Ma\u0142gorzata<\/td>\n<td width=\"168\">\n<p style=\"text-align: center;\">\u015broda<\/p>\n<\/td>\n<td width=\"180\">\n<p style=\"text-align: center;\">14.20 -14.35<\/p>\n<\/td>\n<\/tr>\n<\/tbody>\n<\/table>\n","protected":false},"excerpt":{"rendered":"<p>Szko\u0142a Podstawowa w Godowie pracuje od poniedzia\u0142ku do pi\u0105tku w godzinach od 07:00 do 16:20. &nbsp; Konsultacje dla rodzic\u00f3w i uczni\u00f3w Szko\u0142y Podstawowej w Godowie w roku szkolnym 2016\/2017 \u00a0L.p. Nazwisko i imi\u0119 nauczyciela&#46;&#46;&#46;<\/p>\n","protected":false},"author":2,"featured_media":0,"parent":0,"menu_order":0,"comment_status":"closed","ping_status":"open","template":"","meta":{"_expiration-date-status":"saved","_expiration-date":0,"_expiration-date-type":"","_expiration-date-categories":[],"_expiration-date-options":[]},"_links":{"self":[{"href":"https:\/\/spgodow.ibip.info\/index.php?rest_route=\/wp\/v2\/pages\/44"}],"collection":[{"href":"https:\/\/spgodow.ibip.info\/index.php?rest_route=\/wp\/v2\/pages"}],"about":[{"href":"https:\/\/spgodow.ibip.info\/index.php?rest_route=\/wp\/v2\/types\/page"}],"author":[{"embeddable":true,"href":"https:\/\/spgodow.ibip.info\/index.php?rest_route=\/wp\/v2\/users\/2"}],"replies":[{"embeddable":true,"href":"https:\/\/spgodow.ibip.info\/index.php?rest_route=%2Fwp%2Fv2%2Fcomments&post=44"}],"version-history":[{"count":5,"href":"https:\/\/spgodow.ibip.info\/index.php?rest_route=\/wp\/v2\/pages\/44\/revisions"}],"predecessor-version":[{"id":237,"href":"https:\/\/spgodow.ibip.info\/index.php?rest_route=\/wp\/v2\/pages\/44\/revisions\/237"}],"wp:attachment":[{"href":"https:\/\/spgodow.ibip.info\/index.php?rest_route=%2Fwp%2Fv2%2Fmedia&parent=44"}],"curies":[{"name":"wp","href":"https:\/\/api.w.org\/{rel}","templated":true}]}}